{"id":5248,"date":"2025-05-10T14:41:24","date_gmt":"2025-05-10T14:41:24","guid":{"rendered":"https:\/\/brook.edu.az\/lesson-hours-2\/"},"modified":"2025-11-22T11:42:10","modified_gmt":"2025-11-22T11:42:10","slug":"courses","status":"publish","type":"page","link":"https:\/\/brook.edu.az\/az\/courses\/","title":{"rendered":"Kurslar"},"content":{"rendered":"<div class=\"wpb-content-wrapper\"><div class=\"vc_row wpb_row vc_row-fluid wpex-relative no-bottom-margins\"><div class=\"wpb_column vc_column_container vc_col-sm-12\"><div class=\"vc_column-inner\"><div class=\"wpb_wrapper\"><div class=\"vcex-shortcode wpex-clr wpex-mb-0\"><div class=\"templatera_shortcode\"><style type=\"text\/css\" data-type=\"vc_shortcodes-custom-css\">.vc_custom_1763752878310{margin-top: -60px !important;}.vc_custom_1758911969199{padding-top: 25px !important;padding-right: 25px !important;padding-bottom: 25px !important;padding-left: 25px !important;border-radius: 25px !important;}<\/style><div class=\"vc_row wpb_row vc_row-fluid wpex-surface-2 wpex-py-60 vc_custom_1763752878310 wpex-vc-full-width-row wpex-vc-full-width-row--centered wpex-relative wpex-vc_row-has-fill no-bottom-margins wpex-vc-reset-negative-margin\" style=\"background-color:#f4f6fa!important;\"><div class=\"wpb_column vc_column_container vc_col-sm-12 wpex-vc_col-has-fill\"><div style=\"background-color:#ffffff!important;\" class=\"vc_column-inner vc_custom_1758911969199\"><div class=\"wpb_wrapper\"><div class=\"vcex-page-title vcex-module\"><h1 class=\"vcex-page-title__heading wpex-heading wpex-text-3xl\"><span class=\"vcex-page-title__text\">Kurslar<\/span><\/h1><\/div><\/div><\/div><\/div><\/div><\/div><\/div><\/div><\/div><\/div><\/div><div class=\"vc_row wpb_row vc_row-fluid wpex-relative wpex-vc_row-has-fill wpex-vc-reset-negative-margin\" style=\"background-color:#f4f6fa!important;\"><div class=\"wpb_column vc_column_container vc_col-sm-12\"><div style=\"background-color:#f4f6fa!important;\" class=\"vc_column-inner\"><div class=\"wpb_wrapper\">\n\t<div class=\"wpb_text_column wpb_content_element\" >\n\t\t<div class=\"wpb_wrapper\">\n\t\t\t<style>.vcex-portfolio-grid-wrap.vcex_69ff64b26f022 .entry-details{background-color:#ffffff;border-color:#ffffff;}<\/style><div class=\"vcex-module vcex-portfolio-grid-wrap wpex-clr vcex_69ff64b26f022\"><div class=\"wpex-row vcex-portfolio-grid wpex-clr entries match-height-grid\"><div class=\"portfolio-entry vcex-grid-item entry-has-details span_1_of_4 col col-1 wpex-text-center entry post-6194 type-portfolio has-media cat-79\"><div class=\"portfolio-entry-inner entry-inner wpex-first-mt-0 wpex-last-mb-0 wpex-clr vc_custom_1763474283965\"><div class=\"portfolio-entry-media entry-media wpex-relative wpex-image-hover opacity-invert\"><a href=\"https:\/\/brook.edu.az\/az\/course\/microsoft-office\/\" title=\"Ofis Proqramlar\u0131\" class=\"portfolio-entry-media-link\"><img loading=\"lazy\" class=\"portfolio-entry-img wpex-align-middle\" decoding=\"async\" src=\"https:\/\/brook.edu.az\/wp-content\/uploads\/2025\/05\/microsoft-office-course-150x150.webp\" alt=\"\" srcset=\"https:\/\/brook.edu.az\/wp-content\/uploads\/2025\/05\/microsoft-office-course-150x150.webp 150w, https:\/\/brook.edu.az\/wp-content\/uploads\/2025\/05\/microsoft-office-course-12x12.webp 12w, https:\/\/brook.edu.az\/wp-content\/uploads\/2025\/05\/microsoft-office-course-200x200.webp 200w, https:\/\/brook.edu.az\/wp-content\/uploads\/2025\/05\/microsoft-office-course.webp 300w\" width=\"150\" height=\"150\"><\/a><\/div><div class=\"portfolio-entry-details entry-details wpex-boxed wpex-first-mt-0 wpex-last-mb-0 wpex-clr vc_custom_1763474283965\"><div class=\"match-height-content\"><h2 class=\"portfolio-entry-title entry-title wpex-mb-5\"><a href=\"https:\/\/brook.edu.az\/az\/course\/microsoft-office\/\" title=\"Ofis Proqramlar\u0131\">Ofis Proqramlar\u0131<\/a><\/h2><div class=\"portfolio-entry-excerpt entry-excerpt wpex-my-15 wpex-text-pretty wpex-last-mb-0 wpex-clr\"><p>Bu kurs say\u0259sind\u0259&hellip;<\/p><\/div><\/div><\/div><\/div><\/div><div class=\"portfolio-entry vcex-grid-item entry-has-details span_1_of_4 col col-2 wpex-text-center entry post-6134 type-portfolio has-media\"><div class=\"portfolio-entry-inner entry-inner wpex-first-mt-0 wpex-last-mb-0 wpex-clr vc_custom_1763474283965\"><div class=\"portfolio-entry-media entry-media wpex-relative wpex-image-hover opacity-invert\"><a href=\"https:\/\/brook.edu.az\/az\/course\/python\/\" title=\"Python\" class=\"portfolio-entry-media-link\"><img loading=\"lazy\" class=\"portfolio-entry-img wpex-align-middle\" decoding=\"async\" src=\"https:\/\/brook.edu.az\/wp-content\/uploads\/2025\/05\/python-programming-150x150.webp\" alt=\"\" srcset=\"https:\/\/brook.edu.az\/wp-content\/uploads\/2025\/05\/python-programming-150x150.webp 150w, https:\/\/brook.edu.az\/wp-content\/uploads\/2025\/05\/python-programming-12x12.webp 12w, https:\/\/brook.edu.az\/wp-content\/uploads\/2025\/05\/python-programming-200x200.webp 200w, https:\/\/brook.edu.az\/wp-content\/uploads\/2025\/05\/python-programming.webp 300w\" width=\"150\" height=\"150\"><\/a><\/div><div class=\"portfolio-entry-details entry-details wpex-boxed wpex-first-mt-0 wpex-last-mb-0 wpex-clr vc_custom_1763474283965\"><div class=\"match-height-content\"><h2 class=\"portfolio-entry-title entry-title wpex-mb-5\"><a href=\"https:\/\/brook.edu.az\/az\/course\/python\/\" title=\"Python\">Python<\/a><\/h2><div class=\"portfolio-entry-excerpt entry-excerpt wpex-my-15 wpex-text-pretty wpex-last-mb-0 wpex-clr\"><p>Bu d\u0259rs \u0259sas&hellip;<\/p><\/div><\/div><\/div><\/div><\/div><div class=\"portfolio-entry vcex-grid-item entry-has-details span_1_of_4 col col-3 wpex-text-center entry post-5934 type-portfolio has-media cat-80\"><div class=\"portfolio-entry-inner entry-inner wpex-first-mt-0 wpex-last-mb-0 wpex-clr vc_custom_1763474283965\"><div class=\"portfolio-entry-media entry-media wpex-relative wpex-image-hover opacity-invert\"><a href=\"https:\/\/brook.edu.az\/az\/course\/conversation\/\" title=\"Conversation\" class=\"portfolio-entry-media-link\"><img loading=\"lazy\" class=\"portfolio-entry-img wpex-align-middle\" decoding=\"async\" src=\"https:\/\/brook.edu.az\/wp-content\/uploads\/2025\/05\/brook-conversation-150x150.webp\" alt=\"\" srcset=\"https:\/\/brook.edu.az\/wp-content\/uploads\/2025\/05\/brook-conversation-150x150.webp 150w, https:\/\/brook.edu.az\/wp-content\/uploads\/2025\/05\/brook-conversation-12x12.webp 12w, https:\/\/brook.edu.az\/wp-content\/uploads\/2025\/05\/brook-conversation-200x200.webp 200w, https:\/\/brook.edu.az\/wp-content\/uploads\/2025\/05\/brook-conversation-65x65.webp 65w, https:\/\/brook.edu.az\/wp-content\/uploads\/2025\/05\/brook-conversation.webp 300w\" width=\"150\" height=\"150\"><\/a><\/div><div class=\"portfolio-entry-details entry-details wpex-boxed wpex-first-mt-0 wpex-last-mb-0 wpex-clr vc_custom_1763474283965\"><div class=\"match-height-content\"><h2 class=\"portfolio-entry-title entry-title wpex-mb-5\"><a href=\"https:\/\/brook.edu.az\/az\/course\/conversation\/\" title=\"Conversation\">Conversation<\/a><\/h2><div class=\"portfolio-entry-excerpt entry-excerpt wpex-my-15 wpex-text-pretty wpex-last-mb-0 wpex-clr\"><p>\u201cConversation\u201d d\u0259rsl\u0259ri, \u0130ngilis&hellip;<\/p><\/div><\/div><\/div><\/div><\/div><div class=\"portfolio-entry vcex-grid-item entry-has-details span_1_of_4 col col-4 wpex-text-center entry post-5761 type-portfolio has-media\"><div class=\"portfolio-entry-inner entry-inner wpex-first-mt-0 wpex-last-mb-0 wpex-clr vc_custom_1763474283965\"><div class=\"portfolio-entry-media entry-media wpex-relative wpex-image-hover opacity-invert\"><a href=\"https:\/\/brook.edu.az\/az\/course\/arduino\/\" title=\"Arduino\" class=\"portfolio-entry-media-link\"><img loading=\"lazy\" class=\"portfolio-entry-img wpex-align-middle\" decoding=\"async\" src=\"https:\/\/brook.edu.az\/wp-content\/uploads\/2025\/05\/arduino-main-cover-150x150.webp\" alt=\"\" srcset=\"https:\/\/brook.edu.az\/wp-content\/uploads\/2025\/05\/arduino-main-cover-150x150.webp 150w, https:\/\/brook.edu.az\/wp-content\/uploads\/2025\/05\/arduino-main-cover-12x12.webp 12w, https:\/\/brook.edu.az\/wp-content\/uploads\/2025\/05\/arduino-main-cover-200x200.webp 200w, https:\/\/brook.edu.az\/wp-content\/uploads\/2025\/05\/arduino-main-cover-65x65.webp 65w, https:\/\/brook.edu.az\/wp-content\/uploads\/2025\/05\/arduino-main-cover.webp 300w\" width=\"150\" height=\"150\"><\/a><\/div><div class=\"portfolio-entry-details entry-details wpex-boxed wpex-first-mt-0 wpex-last-mb-0 wpex-clr vc_custom_1763474283965\"><div class=\"match-height-content\"><h2 class=\"portfolio-entry-title entry-title wpex-mb-5\"><a href=\"https:\/\/brook.edu.az\/az\/course\/arduino\/\" title=\"Arduino\">Arduino<\/a><\/h2><div class=\"portfolio-entry-excerpt entry-excerpt wpex-my-15 wpex-text-pretty wpex-last-mb-0 wpex-clr\"><p>Arduino t\u0259hsili, \u015fagirdl\u0259rin&hellip;<\/p><\/div><\/div><\/div><\/div><\/div><div class=\"portfolio-entry vcex-grid-item entry-has-details span_1_of_4 col col-1 wpex-text-center entry post-5489 type-portfolio has-media cat-79\"><div class=\"portfolio-entry-inner entry-inner wpex-first-mt-0 wpex-last-mb-0 wpex-clr vc_custom_1763474283965\"><div class=\"portfolio-entry-media entry-media wpex-relative wpex-image-hover opacity-invert\"><a href=\"https:\/\/brook.edu.az\/az\/course\/operating-systems\/\" title=\"\u00dcmumi komp\u00fcter bilikl\u0259ri\" class=\"portfolio-entry-media-link\"><img loading=\"lazy\" class=\"portfolio-entry-img wpex-align-middle\" decoding=\"async\" src=\"https:\/\/brook.edu.az\/wp-content\/uploads\/2025\/05\/operating-systems-course-150x150.webp\" alt=\"\" srcset=\"https:\/\/brook.edu.az\/wp-content\/uploads\/2025\/05\/operating-systems-course-150x150.webp 150w, https:\/\/brook.edu.az\/wp-content\/uploads\/2025\/05\/operating-systems-course-12x12.webp 12w, https:\/\/brook.edu.az\/wp-content\/uploads\/2025\/05\/operating-systems-course-200x200.webp 200w, https:\/\/brook.edu.az\/wp-content\/uploads\/2025\/05\/operating-systems-course-65x65.webp 65w, https:\/\/brook.edu.az\/wp-content\/uploads\/2025\/05\/operating-systems-course.webp 300w\" width=\"150\" height=\"150\"><\/a><\/div><div class=\"portfolio-entry-details entry-details wpex-boxed wpex-first-mt-0 wpex-last-mb-0 wpex-clr vc_custom_1763474283965\"><div class=\"match-height-content\"><h2 class=\"portfolio-entry-title entry-title wpex-mb-5\"><a href=\"https:\/\/brook.edu.az\/az\/course\/operating-systems\/\" title=\"\u00dcmumi komp\u00fcter bilikl\u0259ri\">\u00dcmumi komp\u00fcter bilikl\u0259ri<\/a><\/h2><div class=\"portfolio-entry-excerpt entry-excerpt wpex-my-15 wpex-text-pretty wpex-last-mb-0 wpex-clr\"><p>Bu kurs komp\u00fcterl\u0259rl\u0259&hellip;<\/p><\/div><\/div><\/div><\/div><\/div><div class=\"portfolio-entry vcex-grid-item entry-has-details span_1_of_4 col col-2 wpex-text-center entry post-4865 type-portfolio has-media cat-80\"><div class=\"portfolio-entry-inner entry-inner wpex-first-mt-0 wpex-last-mb-0 wpex-clr vc_custom_1763474283965\"><div class=\"portfolio-entry-media entry-media wpex-relative wpex-image-hover opacity-invert\"><a href=\"https:\/\/brook.edu.az\/az\/course\/general-english\/\" title=\"General English\" class=\"portfolio-entry-media-link\"><img loading=\"lazy\" class=\"portfolio-entry-img wpex-align-middle\" decoding=\"async\" src=\"https:\/\/brook.edu.az\/wp-content\/uploads\/2025\/05\/general-english-course-main-150x150.webp\" alt=\"\" srcset=\"https:\/\/brook.edu.az\/wp-content\/uploads\/2025\/05\/general-english-course-main-150x150.webp 150w, https:\/\/brook.edu.az\/wp-content\/uploads\/2025\/05\/general-english-course-main-12x12.webp 12w, https:\/\/brook.edu.az\/wp-content\/uploads\/2025\/05\/general-english-course-main-200x200.webp 200w, https:\/\/brook.edu.az\/wp-content\/uploads\/2025\/05\/general-english-course-main-65x65.webp 65w, https:\/\/brook.edu.az\/wp-content\/uploads\/2025\/05\/general-english-course-main.webp 300w\" width=\"150\" height=\"150\"><\/a><\/div><div class=\"portfolio-entry-details entry-details wpex-boxed wpex-first-mt-0 wpex-last-mb-0 wpex-clr vc_custom_1763474283965\"><div class=\"match-height-content\"><h2 class=\"portfolio-entry-title entry-title wpex-mb-5\"><a href=\"https:\/\/brook.edu.az\/az\/course\/general-english\/\" title=\"General English\">General English<\/a><\/h2><div class=\"portfolio-entry-excerpt entry-excerpt wpex-my-15 wpex-text-pretty wpex-last-mb-0 wpex-clr\"><p>4 \u0259sas istiqam\u0259t&hellip;<\/p><\/div><\/div><\/div><\/div><\/div><\/div><\/div>\n\n\t\t<\/div>\n\t<\/div>\n<\/div><\/div><\/div><\/div>\n<\/div>","protected":false},"excerpt":{"rendered":"General EnglishD\u0259rsl\u0259r 4 \u0259sas istiqam\u0259t olmaqla akademik partnyorlar\u0131m\u0131z\u0131n t\u0259dris proqram\u0131 \u0259sas\u0131nda h\u0259yata ke\u00e7irilir. H\u0259r s\u0259viyy\u0259 \u00fczr\u0259 kurs proqram\u0131, bir ne\u00e7\u0259 m\u00fc\u0259llimin t\u0259dris etdiyi f\u0259rqli d\u0259rsl\u0259rd\u0259n, h\u0259r d\u0259rs \u00fc\u00e7\u00fcn n\u0259z\u0259rd\u0259 tutulmu\u015f quiz imtahanlar\u0131, bacar\u0131q v\u0259 inki\u015faf imtahanlar\u0131ndan ibar\u0259t qar\u0131\u015f\u0131q v\u0259 unikal sistemdir. Dinl\u0259m\u0259Audio d\u0259rsl\u0259rl\u0259 dinl\u0259m\u0259 qabiliyy\u0259ti art\u0131r\u0131l\u0131r. Yaz\u0131Qrammatik yaz\u0131 qabiliyy\u0259tl\u0259ri inki\u015faf etdirilir. OxumaOxuyub anlamaq imkanlar\u0131 art\u0131r\u0131l\u0131r.&hellip;","protected":false},"author":1,"featured_media":0,"parent":0,"menu_order":0,"comment_status":"closed","ping_status":"closed","template":"templates\/no-sidebar-no-page-title.php","meta":{"footnotes":""},"class_list":["post-5248","page","type-page","status-publish","hentry","entry","has-media"],"_links":{"self":[{"href":"https:\/\/brook.edu.az\/az\/wp-json\/wp\/v2\/pages\/5248","targetHints":{"allow":["GET"]}}],"collection":[{"href":"https:\/\/brook.edu.az\/az\/wp-json\/wp\/v2\/pages"}],"about":[{"href":"https:\/\/brook.edu.az\/az\/wp-json\/wp\/v2\/types\/page"}],"author":[{"embeddable":true,"href":"https:\/\/brook.edu.az\/az\/wp-json\/wp\/v2\/users\/1"}],"replies":[{"embeddable":true,"href":"https:\/\/brook.edu.az\/az\/wp-json\/wp\/v2\/comments?post=5248"}],"version-history":[{"count":99,"href":"https:\/\/brook.edu.az\/az\/wp-json\/wp\/v2\/pages\/5248\/revisions"}],"predecessor-version":[{"id":6863,"href":"https:\/\/brook.edu.az\/az\/wp-json\/wp\/v2\/pages\/5248\/revisions\/6863"}],"wp:attachment":[{"href":"https:\/\/brook.edu.az\/az\/wp-json\/wp\/v2\/media?parent=5248"}],"curies":[{"name":"wp","href":"https:\/\/api.w.org\/{rel}","templated":true}]}}